{"id":799,"date":"2014-07-29T17:35:31","date_gmt":"2014-07-29T16:35:31","guid":{"rendered":"http:\/\/www.exotimex.nl\/?page_id=799"},"modified":"2024-06-11T07:43:35","modified_gmt":"2024-06-11T06:43:35","slug":"la-securite-alimentaire","status":"publish","type":"page","link":"https:\/\/www.exotimex.nl\/fr\/la-securite-alimentaire\/","title":{"rendered":"La s\u00e9curit\u00e9 alimentaire"},"content":{"rendered":"<p>[vc_row][vc_column width=\u00a0\u00bb1\/1&Prime;][vc_column_text]\n\t\t\t<!-- START voedselveiligheid REVOLUTION SLIDER 6.6.5 --><p class=\"rs-p-wp-fix\"><\/p>\n\t\t\t<rs-module-wrap id=\"rev_slider_8_1_wrapper\" data-source=\"gallery\" data-aimg=\"\"  style=\"visibility:hidden;background:#E9E9E9;padding:0;margin:0px auto;margin-top:0;margin-bottom:0;\">\n\t\t\t\t<rs-module id=\"rev_slider_8_1\" style=\"\" data-version=\"6.6.5\">\n\t\t\t\t\t<rs-slides style=\"overflow: hidden; position: absolute;\">\n\t\t\t\t\t\t<rs-slide style=\"position: absolute;\" data-key=\"rs-80\" data-title=\"Slide\" data-anim=\"ms:300;r:0;\" data-in=\"o:1;\" data-out=\"o:1;\">\n\t\t\t\t\t\t\t<img src=\"\/\/www.exotimex.nl\/wp-content\/plugins\/revslider\/public\/assets\/assets\/dummy.png\" alt=\"exotimex_omslag_1920x800_voedselveiligheid.jpg\" title=\"exotimex_omslag_1920x800_voedselveiligheid.jpg\" width=\"1920\" height=\"800\" class=\"rev-slidebg tp-rs-img rs-lazyload\" data-lazyload=\"\/\/www.exotimex.nl\/wp-content\/uploads\/revslider\/voedselveiligheid\/exotimex_omslag_1920x800_voedselveiligheid.jpg\" data-bg=\"p:center top;\" data-no-retina>\n<!--\n\t\t\t\t\t\t\t--><rs-layer\n\t\t\t\t\t\t\t\tid=\"slider-8-slide-80-layer-5\" \n\t\t\t\t\t\t\t\tclass=\"slagschaduw exotimex-kop\"\n\t\t\t\t\t\t\t\tdata-type=\"text\"\n\t\t\t\t\t\t\t\tdata-color=\"#ffffff\"\n\t\t\t\t\t\t\t\tdata-rsp_ch=\"on\"\n\t\t\t\t\t\t\t\tdata-xy=\"y:b;yo:50px;\"\n\t\t\t\t\t\t\t\tdata-text=\"s:42;l:50;fw:300;\"\n\t\t\t\t\t\t\t\tdata-frame_1=\"st:500;\"\n\t\t\t\t\t\t\t\tdata-frame_999=\"st:8400;auto:true;\"\n\t\t\t\t\t\t\t\tstyle=\"z-index:5;font-family:'Roboto Condensed', 'sans-serif';font-style:italic;\"\n\t\t\t\t\t\t\t>Exotimex Europe BV est sp\u00e9cialis\u00e9 dans<br \/>\nl\u2019import-export de l\u00e9gumes et fruits.  \n\t\t\t\t\t\t\t<\/rs-layer><!--\n-->\t\t\t\t\t\t<\/rs-slide>\n\t\t\t\t\t\t<rs-slide style=\"position: absolute;\" data-key=\"rs-801\" data-title=\"Slide\" data-anim=\"ms:300;r:0;\" data-in=\"o:1;\" data-out=\"o:1;\">\n\t\t\t\t\t\t\t<img src=\"\/\/www.exotimex.nl\/wp-content\/plugins\/revslider\/public\/assets\/assets\/dummy.png\" alt=\"\" title=\"exotimex_omslag_1920x800_voedselveiligheid.jpg\" width=\"1920\" height=\"800\" class=\"rev-slidebg tp-rs-img rs-lazyload\" data-lazyload=\"\/\/www.exotimex.nl\/wp-content\/uploads\/revslider\/voedselveiligheid\/exotimex_omslag_1920x800_voedselveiligheid.jpg\" data-bg=\"p:center top;\" data-no-retina>\n<!--\n\t\t\t\t\t\t\t--><rs-layer\n\t\t\t\t\t\t\t\tid=\"slider-8-slide-801-layer-5\" \n\t\t\t\t\t\t\t\tclass=\"slagschaduw exotimex-kop\"\n\t\t\t\t\t\t\t\tdata-type=\"text\"\n\t\t\t\t\t\t\t\tdata-color=\"#ffffff\"\n\t\t\t\t\t\t\t\tdata-rsp_ch=\"on\"\n\t\t\t\t\t\t\t\tdata-xy=\"y:b;yo:50px;\"\n\t\t\t\t\t\t\t\tdata-text=\"s:42;l:50;fw:300;\"\n\t\t\t\t\t\t\t\tdata-frame_1=\"st:500;\"\n\t\t\t\t\t\t\t\tdata-frame_999=\"st:8400;auto:true;\"\n\t\t\t\t\t\t\t\tstyle=\"z-index:5;font-family:'Roboto Condensed', 'sans-serif';font-style:italic;\"\n\t\t\t\t\t\t\t>Exotimex Europe BV est sp\u00e9cialis\u00e9 dans<br \/>\nl\u2019import-export de l\u00e9gumes et fruits.  \n\t\t\t\t\t\t\t<\/rs-layer><!--\n-->\t\t\t\t\t\t<\/rs-slide>\n\t\t\t\t\t<\/rs-slides>\n\t\t\t\t<\/rs-module>\n\t\t\t\t<script>\n\t\t\t\t\tsetREVStartSize({c: 'rev_slider_8_1',rl:[1240,1024,778,480],el:[450],gw:[960],gh:[450],type:'standard',justify:'',layout:'fullwidth',mh:\"0\"});if (window.RS_MODULES!==undefined && window.RS_MODULES.modules!==undefined && window.RS_MODULES.modules[\"revslider81\"]!==undefined) {window.RS_MODULES.modules[\"revslider81\"].once = false;window.revapi8 = undefined;if (window.RS_MODULES.checkMinimal!==undefined) window.RS_MODULES.checkMinimal()}\n\t\t\t\t<\/script>\n\t\t\t<\/rs-module-wrap>\n\t\t\t<!-- END REVOLUTION SLIDER -->\n[\/vc_column_text][\/vc_column][\/vc_row][vc_row][vc_column width=\u00a0\u00bb1\/1&Prime;][\/vc_column][\/vc_row][vc_row margin_top=\u00a0\u00bb40&Prime; margin_bottom=\u00a0\u00bb0&Prime; padding_left=\u00a0\u00bb40&Prime; padding_right=\u00a0\u00bb40&Prime; bg_position=\u00a0\u00bbtop\u00a0\u00bb bg_repeat=\u00a0\u00bbno-repeat\u00a0\u00bb bg_cover=\u00a0\u00bbfalse\u00a0\u00bb bg_attachment=\u00a0\u00bbfalse\u00a0\u00bb padding_top=\u00a0\u00bb40&Prime; padding_bottom=\u00a0\u00bb40&Prime; parallax_speed=\u00a0\u00bb0.1&Prime;][vc_column width=\u00a0\u00bb1\/1&Prime;][vc_column_text el_class=\u00a0\u00bbtekst-rechts-voedselveiligheid\u00a0\u00bb]<strong>La s\u00e9curit\u00e9 alimentaire<\/strong><\/p>\n<p><a href=\"https:\/\/www.exotimex.nl\/wp-content\/uploads\/2024\/06\/NL027584_ISO_22000_Exotimex_en.pdf\" target=\"_blank\" rel=\"noopener\"><img decoding=\"async\" loading=\"lazy\" class=\"alignright wp-image-2196 size-medium\" src=\"https:\/\/www.exotimex.nl\/wp-content\/uploads\/2024\/06\/NL027584_ISO_22000_Exotimex_en-1-212x300.jpg\" alt=\"\" width=\"212\" height=\"300\" srcset=\"https:\/\/www.exotimex.nl\/wp-content\/uploads\/2024\/06\/NL027584_ISO_22000_Exotimex_en-1-212x300.jpg 212w, https:\/\/www.exotimex.nl\/wp-content\/uploads\/2024\/06\/NL027584_ISO_22000_Exotimex_en-1-724x1024.jpg 724w, https:\/\/www.exotimex.nl\/wp-content\/uploads\/2024\/06\/NL027584_ISO_22000_Exotimex_en-1-768x1086.jpg 768w, https:\/\/www.exotimex.nl\/wp-content\/uploads\/2024\/06\/NL027584_ISO_22000_Exotimex_en-1-1086x1536.jpg 1086w, https:\/\/www.exotimex.nl\/wp-content\/uploads\/2024\/06\/NL027584_ISO_22000_Exotimex_en-1-1449x2048.jpg 1449w, https:\/\/www.exotimex.nl\/wp-content\/uploads\/2024\/06\/NL027584_ISO_22000_Exotimex_en-1-300x424.jpg 300w, https:\/\/www.exotimex.nl\/wp-content\/uploads\/2024\/06\/NL027584_ISO_22000_Exotimex_en-1.jpg 1600w\" sizes=\"(max-width: 212px) 100vw, 212px\" \/><\/a>Certification ISO 22000 par ISACert BV Le syst\u00e8me de s\u00e9curit\u00e9 alimentaire se concentre sur l&rsquo;importation \/ exportation de fruits et l\u00e9gumes exotiques.<\/p>\n<p>Les \u00e9tapes du proc\u00e9d\u00e9 sont discut\u00e9es ici:<\/p>\n<ul>\n<li>Achat \/ Vente<\/li>\n<li>Achat et \/ ou de transport afleverend<\/li>\n<li>inspections sur le produit<\/li>\n<li>Le tri et l&#8217;emballage<\/li>\n<li>M\u00fbrissement des bananes plantains<\/li>\n<li>Stockage et de refroidissement<\/li>\n<\/ul>\n<p>[\/vc_column_text][\/vc_column][\/vc_row]<\/p>\n","protected":false},"excerpt":{"rendered":"<p>[vc_row][vc_column width=\u00a0\u00bb1\/1&Prime;][vc_column_text][\/vc_column_text][\/vc_column][\/vc_row][vc_row][vc_column width=\u00a0\u00bb1\/1&Prime;][\/vc_column][\/vc_row][vc_row margin_top=\u00a0\u00bb40&Prime; margin_bottom=\u00a0\u00bb0&Prime; padding_left=\u00a0\u00bb40&Prime; padding_right=\u00a0\u00bb40&Prime; bg_position=\u00a0\u00bbtop\u00a0\u00bb bg_repeat=\u00a0\u00bbno-repeat\u00a0\u00bb bg_cover=\u00a0\u00bbfalse\u00a0\u00bb bg_attachment=\u00a0\u00bbfalse\u00a0\u00bb padding_top=\u00a0\u00bb40&Prime; padding_bottom=\u00a0\u00bb40&Prime; parallax_speed=\u00a0\u00bb0.1&Prime;][vc_column width=\u00a0\u00bb1\/1&Prime;][vc_column_text el_class=\u00a0\u00bbtekst-rechts-voedselveiligheid\u00a0\u00bb]La s\u00e9curit\u00e9 alimentaire Certification ISO 22000 par ISACert BV Le syst\u00e8me de s\u00e9curit\u00e9 alimentaire se concentre sur l&rsquo;importation \/ exportation de fruits et l\u00e9gumes exotiques. Les \u00e9tapes du proc\u00e9d\u00e9 sont discut\u00e9es ici: Achat \/ Vente Achat et \/ ou de&hellip;<\/p>\n","protected":false},"author":1,"featured_media":0,"parent":0,"menu_order":0,"comment_status":"closed","ping_status":"closed","template":"","meta":{"inline_featured_image":false},"_links":{"self":[{"href":"https:\/\/www.exotimex.nl\/fr\/wp-json\/wp\/v2\/pages\/799"}],"collection":[{"href":"https:\/\/www.exotimex.nl\/fr\/wp-json\/wp\/v2\/pages"}],"about":[{"href":"https:\/\/www.exotimex.nl\/fr\/wp-json\/wp\/v2\/types\/page"}],"author":[{"embeddable":true,"href":"https:\/\/www.exotimex.nl\/fr\/wp-json\/wp\/v2\/users\/1"}],"replies":[{"embeddable":true,"href":"https:\/\/www.exotimex.nl\/fr\/wp-json\/wp\/v2\/comments?post=799"}],"version-history":[{"count":7,"href":"https:\/\/www.exotimex.nl\/fr\/wp-json\/wp\/v2\/pages\/799\/revisions"}],"predecessor-version":[{"id":2204,"href":"https:\/\/www.exotimex.nl\/fr\/wp-json\/wp\/v2\/pages\/799\/revisions\/2204"}],"wp:attachment":[{"href":"https:\/\/www.exotimex.nl\/fr\/wp-json\/wp\/v2\/media?parent=799"}],"curies":[{"name":"wp","href":"https:\/\/api.w.org\/{rel}","templated":true}]}}