{"id":599,"date":"2014-06-30T12:10:53","date_gmt":"2014-06-30T11:10:53","guid":{"rendered":"http:\/\/www.exotimex.nl\/home-2\/"},"modified":"2021-01-04T17:02:25","modified_gmt":"2021-01-04T16:02:25","slug":"home","status":"publish","type":"page","link":"https:\/\/www.exotimex.nl\/de\/","title":{"rendered":"Home"},"content":{"rendered":"<p>[vc_row][vc_column][vc_column_text]\n\t\t\t<!-- START slider001 REVOLUTION SLIDER 6.6.5 --><p class=\"rs-p-wp-fix\"><\/p>\n\t\t\t<rs-module-wrap id=\"rev_slider_7_1_wrapper\" data-source=\"gallery\" data-aimg=\"\"  style=\"visibility:hidden;background:#E9E9E9;padding:0;margin:0px auto;margin-top:0;margin-bottom:0;\">\n\t\t\t\t<rs-module id=\"rev_slider_7_1\" style=\"\" data-version=\"6.6.5\">\n\t\t\t\t\t<rs-slides style=\"overflow: hidden; position: absolute;\">\n\t\t\t\t\t\t<rs-slide style=\"position: absolute;\" data-key=\"rs-130\" data-title=\"Slide\" data-anim=\"ms:300;r:0;\" data-in=\"o:1;\" data-out=\"o:1;\">\n\t\t\t\t\t\t\t<img src=\"\/\/www.exotimex.nl\/wp-content\/plugins\/revslider\/public\/assets\/assets\/dummy.png\" alt=\"\" title=\"exotimex_omslag_1920x800_home_1\" width=\"1920\" height=\"800\" class=\"rev-slidebg tp-rs-img rs-lazyload\" data-lazyload=\"\/\/www.exotimex.nl\/wp-content\/uploads\/2021\/01\/exotimex_omslag_1920x800_home_1.jpg\" data-bg=\"p:center top;\" data-no-retina>\n<!--\n\t\t\t\t\t\t\t--><rs-layer\n\t\t\t\t\t\t\t\tid=\"slider-7-slide-130-layer-0\" \n\t\t\t\t\t\t\t\tclass=\"slagschaduw exotimex-kop\"\n\t\t\t\t\t\t\t\tdata-type=\"text\"\n\t\t\t\t\t\t\t\tdata-color=\"#ffffff\"\n\t\t\t\t\t\t\t\tdata-rsp_ch=\"on\"\n\t\t\t\t\t\t\t\tdata-xy=\"y:b;yo:50px;\"\n\t\t\t\t\t\t\t\tdata-text=\"s:42;l:50;fw:300;\"\n\t\t\t\t\t\t\t\tdata-frame_1=\"st:500;\"\n\t\t\t\t\t\t\t\tdata-frame_999=\"st:8400;auto:true;\"\n\t\t\t\t\t\t\t\tstyle=\"z-index:5;font-family:'Roboto Condensed', 'sans-serif';font-style:italic;\"\n\t\t\t\t\t\t\t>Die Exotimex Europe BV hat sich auf den<br \/>Im- und Reexport von Obst und Gem\u00fcse spezialisiert.  \n\t\t\t\t\t\t\t<\/rs-layer><!--\n-->\t\t\t\t\t\t<\/rs-slide>\n\t\t\t\t\t\t<rs-slide style=\"position: absolute;\" data-key=\"rs-131\" data-title=\"Slide\" data-anim=\"ms:300;r:0;\" data-in=\"o:1;\" data-out=\"o:1;\">\n\t\t\t\t\t\t\t<img src=\"\/\/www.exotimex.nl\/wp-content\/plugins\/revslider\/public\/assets\/assets\/dummy.png\" alt=\"exotimex_omslag_1920x800_8.jpg\" title=\"exotimex_omslag_1920x800_8.jpg\" width=\"1920\" height=\"800\" class=\"rev-slidebg tp-rs-img rs-lazyload\" data-lazyload=\"\/\/www.exotimex.nl\/wp-content\/uploads\/revslider\/slider001\/exotimex_omslag_1920x800_8.jpg\" data-bg=\"p:center top;\" data-no-retina>\n<!--\n\t\t\t\t\t\t\t--><rs-layer\n\t\t\t\t\t\t\t\tid=\"slider-7-slide-131-layer-2\" \n\t\t\t\t\t\t\t\tclass=\"slagschaduw exotimex-kop\"\n\t\t\t\t\t\t\t\tdata-type=\"text\"\n\t\t\t\t\t\t\t\tdata-color=\"#ffffff\"\n\t\t\t\t\t\t\t\tdata-rsp_ch=\"on\"\n\t\t\t\t\t\t\t\tdata-xy=\"y:b;yo:50px;\"\n\t\t\t\t\t\t\t\tdata-text=\"s:42;l:50;fw:300;\"\n\t\t\t\t\t\t\t\tdata-frame_1=\"st:500;\"\n\t\t\t\t\t\t\t\tdata-frame_999=\"st:8400;auto:true;\"\n\t\t\t\t\t\t\t\tstyle=\"z-index:5;font-family:'Roboto Condensed', 'sans-serif';font-style:italic;\"\n\t\t\t\t\t\t\t>Die Exotimex Europe BV hat sich auf den<br \/>Im- und Reexport von \nObst und Gem\u00fcse spezialisiert.  \n\t\t\t\t\t\t\t<\/rs-layer><!--\n-->\t\t\t\t\t\t<\/rs-slide>\n\t\t\t\t\t<\/rs-slides>\n\t\t\t\t\t<rs-static-layers><!--\n\t\t\t\t\t--><\/rs-static-layers>\n\t\t\t\t<\/rs-module>\n\t\t\t\t<script>\n\t\t\t\t\tsetREVStartSize({c: 'rev_slider_7_1',rl:[1240,1024,778,480],el:[450],gw:[960],gh:[450],type:'standard',justify:'',layout:'fullwidth',mh:\"0\"});if (window.RS_MODULES!==undefined && window.RS_MODULES.modules!==undefined && window.RS_MODULES.modules[\"revslider71\"]!==undefined) {window.RS_MODULES.modules[\"revslider71\"].once = false;window.revapi7 = undefined;if (window.RS_MODULES.checkMinimal!==undefined) window.RS_MODULES.checkMinimal()}\n\t\t\t\t<\/script>\n\t\t\t<\/rs-module-wrap>\n\t\t\t<!-- END REVOLUTION SLIDER -->\n[\/vc_column_text][\/vc_column][\/vc_row][vc_row][vc_column][vc_column_text]\u00a0[\/vc_column_text][\/vc_column][\/vc_row][vc_row margin_top=&#8220;0&#8243; margin_bottom=&#8220;0&#8243; padding_left=&#8220;40&#8243; padding_right=&#8220;40&#8243; animation=&#8220;&#8220; type=&#8220;&#8220; bg_color=&#8220;&#8220; bg_position=&#8220;top&#8220; bg_repeat=&#8220;no-repeat&#8220; bg_cover=&#8220;false&#8220; bg_attachment=&#8220;false&#8220; padding_top=&#8220;40&#8243; padding_bottom=&#8220;40&#8243; enable_parallax=&#8220;&#8220; parallax_speed=&#8220;0.1&#8243; bg_video_src_mp4=&#8220;&#8220; bg_video_src_ogv=&#8220;&#8220; bg_video_src_webm=&#8220;&#8220;][vc_column width=&#8220;1\/2&#8243;][vc_column_text el_class=&#8220;home-tekst&#8220;]<br \/>\nDie Exotimex Europe BV hat sich auf den Im- und Reexport von Obst und Gem\u00fcse spezialisiert. Im Juli 2001 \u00fcbernahm die Exotimex Europe BV die Aktivit\u00e4ten der bereits 1987 gegr\u00fcndeten BV Exotimex.<\/p>\n<p>Das Sortiment zielt vor allem auf die ethnischen M\u00e4rkte in Europa ab. Zu den wichtigsten Produkten geh\u00f6ren Kochbananen, Maniok, Knoblauch, S\u00fc\u00dfkartoffeln und Yamswurzel. Mit weiteren Produkten wie Ingwer, Eddoes und Kokoyam im Sortiment k\u00f6nnen wir uns mit Recht als Spezialist f\u00fcr Wurzelgem\u00fcse bezeichnen.<\/p>\n<p>Die Exotimex Europe BV arbeitet mit einem kleinen Mitarbeiterteam. Dadurch werden kurze Kommunikationswege gew\u00e4hrleistet und kann rasch reagiert werden, wenn die Situation es erfordert. Die Beziehungen zu den Lieferanten und Kunden sind direkt und pers\u00f6nlich. Aufbau und Pflege dieser Beziehungen wird bei uns gro\u00dfgeschrieben. Die Lieferanten und Kunden werden von uns daher auch regelm\u00e4\u00dfig besucht. So behalten wir einen guten \u00dcberblick \u00fcber die Produktion und den Absatz der Waren. Beim Besuch der Produktionsgebiete und Verpackungsstationen werden die Hersteller dar\u00fcber hinaus von uns beraten. Hierbei handelt es sich beispielsweise um Empfehlungen zum Umgang mit der Logistik, der Produktion oder zur Verbesserung von Arbeitsbedingungen. Ein weiterer fester Bestandteil dieser Gespr\u00e4che mit Lieferanten und Kunden ist die Diskussion von aktuellen Entwicklungen und Gesetzen auf dem Gebiet des Pestizideinsatzes.<\/p>\n<p>Als wichtigste Zulieferanten sind China, Ecuador, Costa Rica, Brasilien, Ghana und S\u00fcdafrika zu nennen. Unser Absatzmarkt ist buchst\u00e4blich ganz Europa\u2026<br \/>\n[\/vc_column_text][\/vc_column][vc_column width=&#8220;1\/2&#8243;][vc_single_image image=&#8220;1938&#8243; img_size=&#8220;full&#8220;][\/vc_column][\/vc_row]<\/p>\n","protected":false},"excerpt":{"rendered":"<p>[vc_row][vc_column][vc_column_text][\/vc_column_text][\/vc_column][\/vc_row][vc_row][vc_column][vc_column_text]\u00a0[\/vc_column_text][\/vc_column][\/vc_row][vc_row margin_top=&#8220;0&#8243; margin_bottom=&#8220;0&#8243; padding_left=&#8220;40&#8243; padding_right=&#8220;40&#8243; animation=&#8220;&#8220; type=&#8220;&#8220; bg_color=&#8220;&#8220; bg_position=&#8220;top&#8220; bg_repeat=&#8220;no-repeat&#8220; bg_cover=&#8220;false&#8220; bg_attachment=&#8220;false&#8220; padding_top=&#8220;40&#8243; padding_bottom=&#8220;40&#8243; enable_parallax=&#8220;&#8220; parallax_speed=&#8220;0.1&#8243; bg_video_src_mp4=&#8220;&#8220; bg_video_src_ogv=&#8220;&#8220; bg_video_src_webm=&#8220;&#8220;][vc_column width=&#8220;1\/2&#8243;][vc_column_text el_class=&#8220;home-tekst&#8220;] Die Exotimex Europe BV hat sich auf den Im- und Reexport von Obst und Gem\u00fcse spezialisiert. Im Juli 2001 \u00fcbernahm die Exotimex Europe BV die Aktivit\u00e4ten der bereits 1987 gegr\u00fcndeten BV Exotimex. Das Sortiment&hellip;<\/p>\n","protected":false},"author":2,"featured_media":0,"parent":0,"menu_order":0,"comment_status":"closed","ping_status":"closed","template":"","meta":{"inline_featured_image":false},"_links":{"self":[{"href":"https:\/\/www.exotimex.nl\/de\/wp-json\/wp\/v2\/pages\/599"}],"collection":[{"href":"https:\/\/www.exotimex.nl\/de\/wp-json\/wp\/v2\/pages"}],"about":[{"href":"https:\/\/www.exotimex.nl\/de\/wp-json\/wp\/v2\/types\/page"}],"author":[{"embeddable":true,"href":"https:\/\/www.exotimex.nl\/de\/wp-json\/wp\/v2\/users\/2"}],"replies":[{"embeddable":true,"href":"https:\/\/www.exotimex.nl\/de\/wp-json\/wp\/v2\/comments?post=599"}],"version-history":[{"count":42,"href":"https:\/\/www.exotimex.nl\/de\/wp-json\/wp\/v2\/pages\/599\/revisions"}],"predecessor-version":[{"id":1967,"href":"https:\/\/www.exotimex.nl\/de\/wp-json\/wp\/v2\/pages\/599\/revisions\/1967"}],"wp:attachment":[{"href":"https:\/\/www.exotimex.nl\/de\/wp-json\/wp\/v2\/media?parent=599"}],"curies":[{"name":"wp","href":"https:\/\/api.w.org\/{rel}","templated":true}]}}